{"id":163,"date":"2019-04-05T12:15:38","date_gmt":"2019-04-05T10:15:38","guid":{"rendered":"http:\/\/projetblogzenon.ovh\/?page_id=163"},"modified":"2024-07-10T18:33:30","modified_gmt":"2024-07-10T16:33:30","slug":"laccompagnement","status":"publish","type":"page","link":"https:\/\/zenonconseil.com\/index.php\/laccompagnement\/","title":{"rendered":"Conseil et Accompagnement, les fr\u00e8res ennemis."},"content":{"rendered":"\n<p><strong>Le conseil <\/strong>est sollicit\u00e9 pour \u00e9couter, analyser, \u00e9valuer, prescrire.<\/p>\n\n\n\n<p>Il r\u00e9pond, en quelque sorte, \u00e0 la question \u00ab\u00a0Que doit-on &#8211; et comment &#8211; faire\u00a0?\u00a0\u00bb. Sa prescription est un chemin, un choix privil\u00e9gi\u00e9 parmi plusieurs, dont il encadrera ou supervisera la mise en \u0153uvre, pour preuve de sa conviction et accessoirement pour le gain de quelques honoraires suppl\u00e9mentaires.<\/p>\n\n\n\n<p>L\u2019exp\u00e9rience m\u2019am\u00e8ne \u00e0 penser&nbsp;<\/p>\n\n\n\n<ul class=\"wp-block-list\">\n<li>Que le chemin choisi est un des chemins possibles.  \u00ab&nbsp;Un&nbsp;des chemins&nbsp;\u00bb seulement..&nbsp;<\/li>\n\n\n\n<li>Que d\u2019autres existent pour un r\u00e9sultat identique et sans plus d\u2019effets pervers.<\/li>\n\n\n\n<li>Que le succ\u00e8s constat\u00e9 a posteriori ne r\u00e9v\u00e8le que la conviction de ceux qui ont choisi ce chemin.<\/li>\n<\/ul>\n\n\n\n<p><strong>L\u2019accompagnement <\/strong>consiste \u00e0 refuser le paradigme collectivement accept\u00e9, et s\u2019appuie sur des hypoth\u00e8ses particuli\u00e8res<\/p>\n\n\n\n<ul class=\"wp-block-list\">\n<li>Le d\u00e9cideur (peut\/doit) d\u00e9cide(r).<\/li>\n\n\n\n<li>Mais, la vocation du \u00ab\u00a0chef\u00a0\u00bb \u00e9tant de \u00ab\u00a0d\u00e9cider\u00a0\u00bb, il consid\u00e8re trop souvent que plus il d\u00e9cide plus il est un bon \u00ab\u00a0chef\u00a0\u00bb&#8230; Tout au plus arbitre-t-il &#8230;<\/li>\n\n\n\n<li>La plupart des d\u00e9cisions qu\u2019il envisage sont bonnes, et interchangeables.<\/li>\n\n\n\n<li>Celle qui donnera les meilleurs r\u00e9sultats est g\u00e9n\u00e9ralement celle \u00e0 laquelle il croit le plus.<\/li>\n\n\n\n<li>Sa conviction est le meilleur garant d\u2019une bonne mise en \u0153uvre et d\u2019une totale adh\u00e9sion des populations concern\u00e9es.&nbsp;<\/li>\n<\/ul>\n\n\n\n<p>En revanche, la solitude et le temps restent ses pires ennemis. Partager ses doutes avec un collaborateur (ou plusieurs) n&rsquo;est pas toujours envisageable. Il r\u00e9fl\u00e9chit donc seul, arbitre seul, n&rsquo;est pas \u00ab\u00a0challeng\u00e9\u00a0\u00bb, veut  aller vite, et peut \u00eatre victime d&rsquo;une pens\u00e9e \u00ab\u00a0r\u00e9flexe\u00a0\u00bb, pour une d\u00e9cision \u00ab\u00a0b\u00e2cl\u00e9e\u00a0\u00bb. <\/p>\n\n\n\n<p><strong>Accompagner, c\u2019est donc aider le d\u00e9cideur \u00e0 se forger une conviction solide, le prot\u00e9ger de ses biais cognitifs intimes, par le truchement d&rsquo;une d\u00e9clinaison contemporaine du dialogue socratique.<\/strong><\/p>\n\n\n\n<p>Elargir le cadre de r\u00e9flexion, se faire l\u2019avocat de l\u2019ange autant que celui du diable, remettre en cause les r\u00e9flexes de la pens\u00e9e, \u00e9valuer la pertinence de la question d\u2019origine, la reformuler, identifier les succ\u00e8s d\u2019autres exp\u00e9riences, bousculer les enseignements re\u00e7us, modifier focale et angle de vue, etc.<\/p>\n\n\n\n<p><strong>Le d\u00e9cideur, in fine, d\u00e9cide. Il est convaincu. Il est convaincant. Il mobilise, organise la en \u0153uvre, assume l&rsquo; \u00e9chec et partage l&rsquo;\u00e9ventuel succ\u00e8s.&nbsp;<\/strong><\/p>\n","protected":false},"excerpt":{"rendered":"<p>Le conseil est sollicit\u00e9 pour \u00e9couter, analyser, \u00e9valuer, prescrire. Il r\u00e9pond, en quelque sorte, \u00e0 la question \u00ab\u00a0Que doit-on &#8211; et comment &#8211; faire\u00a0?\u00a0\u00bb. Sa prescription est un chemin, un choix privil\u00e9gi\u00e9 parmi plusieurs, dont il encadrera ou supervisera la mise en \u0153uvre, pour preuve de sa conviction et accessoirement pour le gain de quelques&#8230;<\/p>\n","protected":false},"author":1,"featured_media":317,"parent":0,"menu_order":0,"comment_status":"closed","ping_status":"closed","template":"","meta":{"footnotes":""},"class_list":["post-163","page","type-page","status-publish","has-post-thumbnail","hentry"],"_links":{"self":[{"href":"https:\/\/zenonconseil.com\/index.php\/wp-json\/wp\/v2\/pages\/163","targetHints":{"allow":["GET"]}}],"collection":[{"href":"https:\/\/zenonconseil.com\/index.php\/wp-json\/wp\/v2\/pages"}],"about":[{"href":"https:\/\/zenonconseil.com\/index.php\/wp-json\/wp\/v2\/types\/page"}],"author":[{"embeddable":true,"href":"https:\/\/zenonconseil.com\/index.php\/wp-json\/wp\/v2\/users\/1"}],"replies":[{"embeddable":true,"href":"https:\/\/zenonconseil.com\/index.php\/wp-json\/wp\/v2\/comments?post=163"}],"version-history":[{"count":14,"href":"https:\/\/zenonconseil.com\/index.php\/wp-json\/wp\/v2\/pages\/163\/revisions"}],"predecessor-version":[{"id":440,"href":"https:\/\/zenonconseil.com\/index.php\/wp-json\/wp\/v2\/pages\/163\/revisions\/440"}],"wp:featuredmedia":[{"embeddable":true,"href":"https:\/\/zenonconseil.com\/index.php\/wp-json\/wp\/v2\/media\/317"}],"wp:attachment":[{"href":"https:\/\/zenonconseil.com\/index.php\/wp-json\/wp\/v2\/media?parent=163"}],"curies":[{"name":"wp","href":"https:\/\/api.w.org\/{rel}","templated":true}]}}