{"id":127,"date":"2019-04-04T18:14:32","date_gmt":"2019-04-04T16:14:32","guid":{"rendered":"http:\/\/projetblogzenon.ovh\/?page_id=127"},"modified":"2022-07-08T12:31:35","modified_gmt":"2022-07-08T10:31:35","slug":"a-propos-de-zenon","status":"publish","type":"page","link":"https:\/\/zenonconseil.com\/index.php\/a-propos-de-zenon\/","title":{"rendered":"Zenon"},"content":{"rendered":"\n<p><strong>ZENON AUJOURD&rsquo;HUI<\/strong><\/p>\n\n\n\n<p>C&rsquo;est l&rsquo;accompagnement de dirigeants et d\u00e9cideurs dans l&rsquo;\u00e9laboration de leurs arbitrages et la construction de leurs d\u00e9cisions. <\/p>\n\n\n\n<p>Zenon est exclusivement r\u00e9mun\u00e9r\u00e9 sur le principe des<strong> \u00ab\u00a0success-fees\u00a0\u00bb<\/strong><\/p>\n\n\n\n<p>Nous avons l\u2019habitude de payer notre m\u00e9decin parce que nous sommes malades. Et nous faisons de m\u00eame avec ceux qui nous conseillent parfois dans le pilotage de nos entreprises. <strong>Les habitudes, comme les id\u00e9es re\u00e7ues, ont la vie dure.<\/strong><\/p>\n\n\n\n<p>Pour une r\u00e9mun\u00e9ration exclusivement au <strong>\u00ab\u00a0success-fees\u00a0\u00bb,<\/strong> les conditions du succ\u00e8s sont pr\u00e9alablement d\u00e9finies. Remplies, elles donnent lieu \u00e0 r\u00e9mun\u00e9ration.<\/p>\n\n\n\n<p><strong>Ainsi, le m\u00e9decin est pay\u00e9 quand son patient retrouve la sant\u00e9, le conseil quand l\u2019entreprise atteint son objectif.<\/strong><\/p>\n\n\n\n<p><strong>Imaginer que les conditions du succ\u00e8s ne puissent \u00eatre d\u00e9finies implique en r\u00e9alit\u00e9 que l\u2019on ne sait r\u00e9ellement ni ce qu\u2019on veut, ni o\u00f9 on va<\/strong>&#8230; Je pr\u00e9f\u00e8re passer mon chemin.<\/p>\n\n\n\n<p>Comme le dit Martine, \u00ab&nbsp;Quand c\u2019est flou&#8230; Y\u2019a un loup&nbsp;!&nbsp;\u00bb<\/p>\n\n\n\n<p><em>Nb\u00a0: Les missions r\u00e9mun\u00e9r\u00e9es \u00ab\u00a0au temps pass\u00e9\u00a0\u00bb gardent leur utilit\u00e9 mais n\u2019entrent pas dans le champ de mes interventions\u00a0: elles rel\u00e8vent de la sous-traitance, de l\u2019externalisation, et\/ou de l\u2019achat ponctuel d\u2019expertises sp\u00e9cifiques.<\/em><\/p>\n\n\n\n<p><strong>ZENON PHILOSOPHE GREC (environ 490\/430 av J.C)<\/strong><\/p>\n\n\n\n<p> On ne sait que tr\u00e8s peu de chose de sa vie. Il nous laisse ses paradoxes, relay\u00e9s essentiellement par Aristote, et devient le philosophe du continu (ou de l\u2019infini, suivant les auteurs)<\/p>\n\n\n\n<p>Parmi les paradoxes de Zenon sur le fini et l\u2019infini&nbsp;: Achille et la tortue <em>Achille situ\u00e9 en O poursuit une tortue qui se trouve en A. Le temps qu&rsquo;il arrive en A, la tortue sera en B. Achille devra donc ensuite aller en B. Mais alors la tortue sera en C\u2026Etc. (voir le sch\u00e9ma ci-dessus)<\/em><\/p>\n\n\n\n<p>Les paradoxes de la dichotomie, de la fl\u00e8che, du stade, viennent enrichir la m\u00eame r\u00e9flexion&nbsp;: le mouvement existe-t-il&nbsp;? A-t-il un sens&nbsp;? Est-il divisible&nbsp;&nbsp;ou continu&nbsp;?<\/p>\n\n\n\n<p>\u00ab&nbsp;Il montra qu\u2019une m\u00eame chose serait semblable et dissemblable, \u00e9gale et in\u00e9gale\u2026&nbsp;\u00bb(Descartes)<\/p>\n\n\n\n<p><strong>ZENON chez M. YOURCENAR (L&rsquo;oeuvre au noir-1968)<\/strong><\/p>\n\n\n\n<p>Z\u00e9non, alchimiste de la Renaissance, \u00e9pris de savoir et de libert\u00e9, parcourt le monde puis revient dans sa patrie, o\u00f9 il se consacre \u00e0 transmettre et faire le bien. Il est condamn\u00e9 au b\u00fbcher pour ses opinions.<\/p>\n","protected":false},"excerpt":{"rendered":"<p>ZENON AUJOURD&rsquo;HUI C&rsquo;est l&rsquo;accompagnement de dirigeants et d\u00e9cideurs dans l&rsquo;\u00e9laboration de leurs arbitrages et la construction de leurs d\u00e9cisions. Zenon est exclusivement r\u00e9mun\u00e9r\u00e9 sur le principe des \u00ab\u00a0success-fees\u00a0\u00bb Nous avons l\u2019habitude de payer notre m\u00e9decin parce que nous sommes malades. Et nous faisons de m\u00eame avec ceux qui nous conseillent parfois dans le pilotage de&#8230;<\/p>\n","protected":false},"author":1,"featured_media":173,"parent":0,"menu_order":0,"comment_status":"closed","ping_status":"closed","template":"","meta":{"footnotes":""},"class_list":["post-127","page","type-page","status-publish","has-post-thumbnail","hentry"],"_links":{"self":[{"href":"https:\/\/zenonconseil.com\/index.php\/wp-json\/wp\/v2\/pages\/127","targetHints":{"allow":["GET"]}}],"collection":[{"href":"https:\/\/zenonconseil.com\/index.php\/wp-json\/wp\/v2\/pages"}],"about":[{"href":"https:\/\/zenonconseil.com\/index.php\/wp-json\/wp\/v2\/types\/page"}],"author":[{"embeddable":true,"href":"https:\/\/zenonconseil.com\/index.php\/wp-json\/wp\/v2\/users\/1"}],"replies":[{"embeddable":true,"href":"https:\/\/zenonconseil.com\/index.php\/wp-json\/wp\/v2\/comments?post=127"}],"version-history":[{"count":16,"href":"https:\/\/zenonconseil.com\/index.php\/wp-json\/wp\/v2\/pages\/127\/revisions"}],"predecessor-version":[{"id":417,"href":"https:\/\/zenonconseil.com\/index.php\/wp-json\/wp\/v2\/pages\/127\/revisions\/417"}],"wp:featuredmedia":[{"embeddable":true,"href":"https:\/\/zenonconseil.com\/index.php\/wp-json\/wp\/v2\/media\/173"}],"wp:attachment":[{"href":"https:\/\/zenonconseil.com\/index.php\/wp-json\/wp\/v2\/media?parent=127"}],"curies":[{"name":"wp","href":"https:\/\/api.w.org\/{rel}","templated":true}]}}